{"id":229,"date":"2024-11-18T12:22:23","date_gmt":"2024-11-18T12:22:23","guid":{"rendered":"https:\/\/tap-n-review.com\/?post_type=product&#038;p=229"},"modified":"2025-02-26T16:09:49","modified_gmt":"2025-02-26T16:09:49","slug":"self-adhesive-nfc-plate-review-us-on-google","status":"publish","type":"product","link":"https:\/\/tap-n-review.com\/hr\/proizvod\/self-adhesive-nfc-plate-review-us-on-google\/","title":{"rendered":"Samoljepljiva NFC plo\u010dica: \u201cOcijenite nas na Googleu\u201d"},"content":{"rendered":"","protected":false},"excerpt":{"rendered":"<p>Na\u0161a atraktivna samoljepljiva plo\u010dica <strong>lako se pri\u010dvr\u0161\u0107uje na bilo koju povr\u0161inu, omogu\u0107uju\u0107i va\u0161im klijentima da ostave recenziju va\u0161e tvrtke<\/strong> na Googleu <strong>samo jednim dodirom telefona<\/strong>. To je savr\u0161eno rje\u0161enje za tvrtke s velikim prometom gdje nije izvedivo svakog kupca osobno pitati za recenziju.<\/p>","protected":false},"featured_media":230,"comment_status":"open","ping_status":"closed","template":"","meta":[],"product_brand":[],"product_cat":[16],"product_tag":[],"class_list":{"0":"post-229","1":"product","2":"type-product","3":"status-publish","4":"has-post-thumbnail","6":"product_cat-nfc-plates","8":"first","9":"instock","10":"taxable","11":"shipping-taxable","12":"purchasable","13":"product-type-variable"},"yoast_head":"<!-- This site is optimized with the Yoast SEO plugin v24.8.1 - https:\/\/yoast.com\/wordpress\/plugins\/seo\/ -->\n<title>Self-Adhesive NFC plate: &quot;Review us on Google&quot; | tap-n-review.com<\/title>\n<meta name=\"description\" content=\"Encourage instant Google reviews with Tap\u2019N\u2019Review\u2019s self-adhesive NFC plate. Customers tap their phones to leave feedback, boosting your online presence!\" \/>\n<meta name=\"robots\" content=\"index, follow, max-snippet:-1, max-image-preview:large, max-video-preview:-1\" \/>\n<link rel=\"canonical\" href=\"https:\/\/tap-n-review.com\/hr\/proizvod\/self-adhesive-nfc-plate-review-us-on-google\/\" \/>\n<meta property=\"og:locale\" content=\"hr_HR\" \/>\n<meta property=\"og:type\" content=\"article\" \/>\n<meta property=\"og:title\" content=\"Self-Adhesive NFC plate: &quot;Review us on Google&quot; | tap-n-review.com\" \/>\n<meta property=\"og:description\" content=\"Encourage instant Google reviews with Tap\u2019N\u2019Review\u2019s self-adhesive NFC plate. Customers tap their phones to leave feedback, boosting your online presence!\" \/>\n<meta property=\"og:url\" content=\"https:\/\/tap-n-review.com\/hr\/proizvod\/self-adhesive-nfc-plate-review-us-on-google\/\" \/>\n<meta property=\"og:site_name\" content=\"tap-n-review.com\" \/>\n<meta property=\"article:publisher\" content=\"https:\/\/www.facebook.com\/tapnrevieweu\" \/>\n<meta property=\"article:modified_time\" content=\"2025-02-26T16:09:49+00:00\" \/>\n<meta property=\"og:image\" content=\"https:\/\/tap-n-review.com\/wp-content\/uploads\/2024\/11\/Fotografije-OptiReview-KARTICA-1.png\" \/>\n\t<meta property=\"og:image:width\" content=\"1500\" \/>\n\t<meta property=\"og:image:height\" content=\"1500\" \/>\n\t<meta property=\"og:image:type\" content=\"image\/png\" \/>\n<meta name=\"twitter:card\" content=\"summary_large_image\" \/>\n<meta name=\"twitter:label1\" content=\"Procijenjeno vrijeme \u010ditanja\" \/>\n\t<meta name=\"twitter:data1\" content=\"1 minuta\" \/>\n<script type=\"application\/ld+json\" class=\"yoast-schema-graph\">{\"@context\":\"https:\/\/schema.org\",\"@graph\":[{\"@type\":\"WebPage\",\"@id\":\"https:\/\/tap-n-review.com\/product\/self-adhesive-nfc-plate-review-us-on-google\/\",\"url\":\"https:\/\/tap-n-review.com\/product\/self-adhesive-nfc-plate-review-us-on-google\/\",\"name\":\"Self-Adhesive NFC plate: \\\"Review us on Google\\\" | tap-n-review.com\",\"isPartOf\":{\"@id\":\"https:\/\/tap-n-review.com\/#website\"},\"primaryImageOfPage\":{\"@id\":\"https:\/\/tap-n-review.com\/product\/self-adhesive-nfc-plate-review-us-on-google\/#primaryimage\"},\"image\":{\"@id\":\"https:\/\/tap-n-review.com\/product\/self-adhesive-nfc-plate-review-us-on-google\/#primaryimage\"},\"thumbnailUrl\":\"https:\/\/tap-n-review.com\/wp-content\/uploads\/2024\/11\/Fotografije-OptiReview-KARTICA-1.png\",\"datePublished\":\"2024-11-18T12:22:23+00:00\",\"dateModified\":\"2025-02-26T16:09:49+00:00\",\"description\":\"Encourage instant Google reviews with Tap\u2019N\u2019Review\u2019s self-adhesive NFC plate. Customers tap their phones to leave feedback, boosting your online presence!\",\"breadcrumb\":{\"@id\":\"https:\/\/tap-n-review.com\/product\/self-adhesive-nfc-plate-review-us-on-google\/#breadcrumb\"},\"inLanguage\":\"hr\",\"potentialAction\":[{\"@type\":\"ReadAction\",\"target\":[\"https:\/\/tap-n-review.com\/product\/self-adhesive-nfc-plate-review-us-on-google\/\"]}]},{\"@type\":\"ImageObject\",\"inLanguage\":\"hr\",\"@id\":\"https:\/\/tap-n-review.com\/product\/self-adhesive-nfc-plate-review-us-on-google\/#primaryimage\",\"url\":\"https:\/\/tap-n-review.com\/wp-content\/uploads\/2024\/11\/Fotografije-OptiReview-KARTICA-1.png\",\"contentUrl\":\"https:\/\/tap-n-review.com\/wp-content\/uploads\/2024\/11\/Fotografije-OptiReview-KARTICA-1.png\",\"width\":1500,\"height\":1500,\"caption\":\"Tap'N'Review plate on the wall for google reviews\"},{\"@type\":\"BreadcrumbList\",\"@id\":\"https:\/\/tap-n-review.com\/product\/self-adhesive-nfc-plate-review-us-on-google\/#breadcrumb\",\"itemListElement\":[{\"@type\":\"ListItem\",\"position\":1,\"name\":\"Home\",\"item\":\"https:\/\/tap-n-review.com\/\"},{\"@type\":\"ListItem\",\"position\":2,\"name\":\"Shop\",\"item\":\"https:\/\/tap-n-review.com\/shop\/\"},{\"@type\":\"ListItem\",\"position\":3,\"name\":\"Self-Adhesive NFC plate: &#8220;Review us on Google&#8221;\"}]},{\"@type\":\"WebSite\",\"@id\":\"https:\/\/tap-n-review.com\/#website\",\"url\":\"https:\/\/tap-n-review.com\/\",\"name\":\"tap-n-review.com\",\"description\":\"\",\"publisher\":{\"@id\":\"https:\/\/tap-n-review.com\/#organization\"},\"alternateName\":\"Tap'N'Review\",\"potentialAction\":[{\"@type\":\"SearchAction\",\"target\":{\"@type\":\"EntryPoint\",\"urlTemplate\":\"https:\/\/tap-n-review.com\/?s={search_term_string}\"},\"query-input\":{\"@type\":\"PropertyValueSpecification\",\"valueRequired\":true,\"valueName\":\"search_term_string\"}}],\"inLanguage\":\"hr\"},{\"@type\":\"Organization\",\"@id\":\"https:\/\/tap-n-review.com\/#organization\",\"name\":\"tap-n-review.com\",\"alternateName\":\"Tap'N'Review\",\"url\":\"https:\/\/tap-n-review.com\/\",\"logo\":{\"@type\":\"ImageObject\",\"inLanguage\":\"hr\",\"@id\":\"https:\/\/tap-n-review.com\/#\/schema\/logo\/image\/\",\"url\":\"https:\/\/tap-n-review.com\/wp-content\/uploads\/2024\/12\/TapNReview-logo-1.png\",\"contentUrl\":\"https:\/\/tap-n-review.com\/wp-content\/uploads\/2024\/12\/TapNReview-logo-1.png\",\"width\":1200,\"height\":1200,\"caption\":\"tap-n-review.com\"},\"image\":{\"@id\":\"https:\/\/tap-n-review.com\/#\/schema\/logo\/image\/\"},\"sameAs\":[\"https:\/\/www.facebook.com\/tapnrevieweu\",\"https:\/\/www.instagram.com\/tapnreview\/\",\"https:\/\/www.tiktok.com\/@tapnreview5\",\"http:\/\/www.youtube.com\/@tapnreview\"]}]}<\/script>\n<!-- \/ Yoast SEO plugin. -->","yoast_head_json":{"title":"Self-Adhesive NFC plate: \"Review us on Google\" | tap-n-review.com","description":"Encourage instant Google reviews with Tap\u2019N\u2019Review\u2019s self-adhesive NFC plate. Customers tap their phones to leave feedback, boosting your online presence!","robots":{"index":"index","follow":"follow","max-snippet":"max-snippet:-1","max-image-preview":"max-image-preview:large","max-video-preview":"max-video-preview:-1"},"canonical":"https:\/\/tap-n-review.com\/hr\/proizvod\/self-adhesive-nfc-plate-review-us-on-google\/","og_locale":"hr_HR","og_type":"article","og_title":"Self-Adhesive NFC plate: \"Review us on Google\" | tap-n-review.com","og_description":"Encourage instant Google reviews with Tap\u2019N\u2019Review\u2019s self-adhesive NFC plate. Customers tap their phones to leave feedback, boosting your online presence!","og_url":"https:\/\/tap-n-review.com\/hr\/proizvod\/self-adhesive-nfc-plate-review-us-on-google\/","og_site_name":"tap-n-review.com","article_publisher":"https:\/\/www.facebook.com\/tapnrevieweu","article_modified_time":"2025-02-26T16:09:49+00:00","og_image":[{"width":1500,"height":1500,"url":"https:\/\/tap-n-review.com\/wp-content\/uploads\/2024\/11\/Fotografije-OptiReview-KARTICA-1.png","type":"image\/png"}],"twitter_card":"summary_large_image","twitter_misc":{"Procijenjeno vrijeme \u010ditanja":"1 minuta"},"schema":{"@context":"https:\/\/schema.org","@graph":[{"@type":"WebPage","@id":"https:\/\/tap-n-review.com\/product\/self-adhesive-nfc-plate-review-us-on-google\/","url":"https:\/\/tap-n-review.com\/product\/self-adhesive-nfc-plate-review-us-on-google\/","name":"Self-Adhesive NFC plate: \"Review us on Google\" | tap-n-review.com","isPartOf":{"@id":"https:\/\/tap-n-review.com\/#website"},"primaryImageOfPage":{"@id":"https:\/\/tap-n-review.com\/product\/self-adhesive-nfc-plate-review-us-on-google\/#primaryimage"},"image":{"@id":"https:\/\/tap-n-review.com\/product\/self-adhesive-nfc-plate-review-us-on-google\/#primaryimage"},"thumbnailUrl":"https:\/\/tap-n-review.com\/wp-content\/uploads\/2024\/11\/Fotografije-OptiReview-KARTICA-1.png","datePublished":"2024-11-18T12:22:23+00:00","dateModified":"2025-02-26T16:09:49+00:00","description":"Encourage instant Google reviews with Tap\u2019N\u2019Review\u2019s self-adhesive NFC plate. Customers tap their phones to leave feedback, boosting your online presence!","breadcrumb":{"@id":"https:\/\/tap-n-review.com\/product\/self-adhesive-nfc-plate-review-us-on-google\/#breadcrumb"},"inLanguage":"hr","potentialAction":[{"@type":"ReadAction","target":["https:\/\/tap-n-review.com\/product\/self-adhesive-nfc-plate-review-us-on-google\/"]}]},{"@type":"ImageObject","inLanguage":"hr","@id":"https:\/\/tap-n-review.com\/product\/self-adhesive-nfc-plate-review-us-on-google\/#primaryimage","url":"https:\/\/tap-n-review.com\/wp-content\/uploads\/2024\/11\/Fotografije-OptiReview-KARTICA-1.png","contentUrl":"https:\/\/tap-n-review.com\/wp-content\/uploads\/2024\/11\/Fotografije-OptiReview-KARTICA-1.png","width":1500,"height":1500,"caption":"Tap'N'Review plate on the wall for google reviews"},{"@type":"BreadcrumbList","@id":"https:\/\/tap-n-review.com\/product\/self-adhesive-nfc-plate-review-us-on-google\/#breadcrumb","itemListElement":[{"@type":"ListItem","position":1,"name":"Home","item":"https:\/\/tap-n-review.com\/"},{"@type":"ListItem","position":2,"name":"Shop","item":"https:\/\/tap-n-review.com\/shop\/"},{"@type":"ListItem","position":3,"name":"Self-Adhesive NFC plate: &#8220;Review us on Google&#8221;"}]},{"@type":"WebSite","@id":"https:\/\/tap-n-review.com\/#website","url":"https:\/\/tap-n-review.com\/","name":"tap-n-review.com","description":"","publisher":{"@id":"https:\/\/tap-n-review.com\/#organization"},"alternateName":"Tap'N'Review","potentialAction":[{"@type":"SearchAction","target":{"@type":"EntryPoint","urlTemplate":"https:\/\/tap-n-review.com\/?s={search_term_string}"},"query-input":{"@type":"PropertyValueSpecification","valueRequired":true,"valueName":"search_term_string"}}],"inLanguage":"hr"},{"@type":"Organization","@id":"https:\/\/tap-n-review.com\/#organization","name":"tap-n-review.com","alternateName":"Tap'N'Review","url":"https:\/\/tap-n-review.com\/","logo":{"@type":"ImageObject","inLanguage":"hr","@id":"https:\/\/tap-n-review.com\/#\/schema\/logo\/image\/","url":"https:\/\/tap-n-review.com\/wp-content\/uploads\/2024\/12\/TapNReview-logo-1.png","contentUrl":"https:\/\/tap-n-review.com\/wp-content\/uploads\/2024\/12\/TapNReview-logo-1.png","width":1200,"height":1200,"caption":"tap-n-review.com"},"image":{"@id":"https:\/\/tap-n-review.com\/#\/schema\/logo\/image\/"},"sameAs":["https:\/\/www.facebook.com\/tapnrevieweu","https:\/\/www.instagram.com\/tapnreview\/","https:\/\/www.tiktok.com\/@tapnreview5","http:\/\/www.youtube.com\/@tapnreview"]}]}},"_links":{"self":[{"href":"https:\/\/tap-n-review.com\/hr\/wp-json\/wp\/v2\/product\/229","targetHints":{"allow":["GET"]}}],"collection":[{"href":"https:\/\/tap-n-review.com\/hr\/wp-json\/wp\/v2\/product"}],"about":[{"href":"https:\/\/tap-n-review.com\/hr\/wp-json\/wp\/v2\/types\/product"}],"replies":[{"embeddable":true,"href":"https:\/\/tap-n-review.com\/hr\/wp-json\/wp\/v2\/comments?post=229"}],"wp:featuredmedia":[{"embeddable":true,"href":"https:\/\/tap-n-review.com\/hr\/wp-json\/wp\/v2\/media\/230"}],"wp:attachment":[{"href":"https:\/\/tap-n-review.com\/hr\/wp-json\/wp\/v2\/media?parent=229"}],"wp:term":[{"taxonomy":"product_brand","embeddable":true,"href":"https:\/\/tap-n-review.com\/hr\/wp-json\/wp\/v2\/product_brand?post=229"},{"taxonomy":"product_cat","embeddable":true,"href":"https:\/\/tap-n-review.com\/hr\/wp-json\/wp\/v2\/product_cat?post=229"},{"taxonomy":"product_tag","embeddable":true,"href":"https:\/\/tap-n-review.com\/hr\/wp-json\/wp\/v2\/product_tag?post=229"}],"curies":[{"name":"wp","href":"https:\/\/api.w.org\/{rel}","templated":true}]}}